{"id":1945,"date":"2025-04-25T15:02:02","date_gmt":"2025-04-25T15:02:02","guid":{"rendered":"https:\/\/www.wingman.cz\/prednasky\/"},"modified":"2025-10-08T01:30:13","modified_gmt":"2025-10-08T01:30:13","slug":"prednasky","status":"publish","type":"page","link":"https:\/\/www.wingman.cz\/cs\/prednasky\/","title":{"rendered":"P\u0159edn\u00e1\u0161ky"},"content":{"rendered":"<p>[et_pb_section fb_built=&#8220;1&#8243; fullwidth=&#8220;on&#8220; admin_label=&#8220;Hero&#8220; module_class=&#8220;c-services__hero&#8220; _builder_version=&#8220;4.27.4&#8243; background_image=&#8220;http:\/\/www.wingman.cz\/wp-content\/uploads\/2025\/05\/business_training-wingman-topaz-enhance-e-2.webp&#8220; parallax=&#8220;on&#8220; transform_scale_tablet=&#8220;&#8220; transform_scale_phone=&#8220;&#8220; transform_scale_last_edited=&#8220;on|phone&#8220; transform_translate_tablet=&#8220;&#8220; transform_translate_phone=&#8220;&#8220; transform_translate_last_edited=&#8220;on|phone&#8220; transform_rotate_tablet=&#8220;&#8220; transform_rotate_phone=&#8220;&#8220; transform_rotate_last_edited=&#8220;on|phone&#8220; transform_skew_tablet=&#8220;&#8220; transform_skew_phone=&#8220;&#8220; transform_skew_last_edited=&#8220;on|phone&#8220; transform_origin_tablet=&#8220;&#8220; transform_origin_phone=&#8220;&#8220; transform_origin_last_edited=&#8220;on|phone&#8220; transform_styles_last_edited=&#8220;on|phone&#8220; background_last_edited=&#8220;on|phone&#8220; parallax_phone=&#8220;off&#8220; background_position_phone=&#8220;center_right&#8220; background_horizontal_offset_phone=&#8220;5%&#8220; transform_styles_tablet=&#8220;&#8220; transform_styles_phone=&#8220;&#8220; global_colors_info=&#8220;{}&#8220;][et_pb_fullwidth_header title=&#8220;P\u0159edn\u00e1\u0161ky a konference&#8220; subhead=&#8220;Motivujte sv\u00e9 lidi aha-efekty a praktick\u00fdmi tipy.&#8220; text_orientation=&#8220;center&#8220; button_one_url=&#8220;https:\/\/www.wingman.cz\/cs\/kontakty\/&#8220; button_two_text=&#8220;Spojte se s n\u00e1mi&#8220; button_two_url=&#8220;https:\/\/www.wingman.cz\/cs\/kontakty\/&#8220; content_max_width=&#8220;850px&#8220; subhead_phone=&#8220;Ud\u011blejte v\u00edce pr\u00e1ce. Ve\u010fte s d\u016fv\u011brou. Chra\u0148te se p\u0159ed neo\u010dek\u00e1van\u00fdmi ud\u00e1lostmi.&#8220; subhead_last_edited=&#8220;off|desktop&#8220; module_class=&#8220;c-services__hero&#8211;content&#8220; _builder_version=&#8220;4.27.4&#8243; title_font=&#8220;|700|||||||&#8220; title_font_size=&#8220;69px&#8220; title_line_height=&#8220;1.5em&#8220; content_font=&#8220;Nunito|600|||||||&#8220; content_font_size=&#8220;20px&#8220; subhead_font=&#8220;Lato|700|||||||&#8220; subhead_font_size=&#8220;30px&#8220; subhead_line_height=&#8220;1.8em&#8220; background_color=&#8220;rgba(0,0,0,0.5)&#8220; background_color_gradient_direction=&#8220;235deg&#8220; custom_button_one=&#8220;on&#8220; button_one_text_size=&#8220;16px&#8220; button_one_text_color=&#8220;#ffffff&#8220; button_one_bg_color=&#8220;rgba(255,255,255,0.15)&#8220; button_one_border_width=&#8220;10px&#8220; button_one_border_color=&#8220;rgba(210,159,104,0)&#8220; button_one_border_radius=&#8220;100px&#8220; button_one_font=&#8220;Lato|900|||||||&#8220; button_one_use_icon=&#8220;off&#8220; custom_button_two=&#8220;on&#8220; button_two_text_size=&#8220;16px&#8220; button_two_text_color=&#8220;#FFFFFF&#8220; button_two_bg_color=&#8220;#f56905&#8243; button_two_border_width=&#8220;10px&#8220; button_two_border_color=&#8220;rgba(210,159,104,0)&#8220; button_two_border_radius=&#8220;100px&#8220; button_two_font=&#8220;Lato|900|||||||&#8220; button_two_use_icon=&#8220;off&#8220; custom_margin=&#8220;|||&#8220; custom_padding=&#8220;10vw||10vw||false&#8220; custom_padding_tablet=&#8220;20vw||20vw||true&#8220; custom_padding_phone=&#8220;20vw||20vw||true&#8220; custom_padding_last_edited=&#8220;on|desktop&#8220; link_option_url_new_window=&#8220;on&#8220; title_font_size_tablet=&#8220;50px&#8220; title_font_size_phone=&#8220;24px&#8220; title_font_size_last_edited=&#8220;on|phone&#8220; subhead_font_size_tablet=&#8220;&#8220; subhead_font_size_phone=&#8220;17px&#8220; subhead_font_size_last_edited=&#8220;on|desktop&#8220; button_one_text_color_hover=&#8220;#3550a0&#8243; button_two_text_color_hover=&#8220;#ffffff&#8220; button_one_bg_color_hover=&#8220;rgba(255,255,255,0.8)&#8220; button_two_bg_color_hover=&#8220;rgba(255,255,255,0.3)&#8220; global_colors_info=&#8220;{}&#8220; button_one_text_size__hover_enabled=&#8220;off&#8220; button_two_text_size__hover_enabled=&#8220;off&#8220; button_one_text_color__hover_enabled=&#8220;on&#8220; button_one_text_color__hover=&#8220;#3550a0&#8243; button_two_text_color__hover_enabled=&#8220;on&#8220; button_two_text_color__hover=&#8220;#ffffff&#8220; button_one_border_width__hover_enabled=&#8220;off&#8220; button_two_border_width__hover_enabled=&#8220;off&#8220; button_one_border_color__hover_enabled=&#8220;off&#8220; button_two_border_color__hover_enabled=&#8220;off&#8220; button_one_border_radius__hover_enabled=&#8220;off&#8220; button_two_border_radius__hover_enabled=&#8220;off&#8220; button_one_letter_spacing__hover_enabled=&#8220;off&#8220; button_two_letter_spacing__hover_enabled=&#8220;off&#8220; button_one_bg_color__hover_enabled=&#8220;on&#8220; button_one_bg_color__hover=&#8220;rgba(255,255,255,0.8)&#8220; button_two_bg_color__hover_enabled=&#8220;on&#8220; button_two_bg_color__hover=&#8220;rgba(255,255,255,0.3)&#8220;][\/et_pb_fullwidth_header][\/et_pb_section][et_pb_section fb_built=&#8220;1&#8243; _builder_version=&#8220;4.16&#8243; _module_preset=&#8220;default&#8220; custom_padding=&#8220;0px||0px|||&#8220; global_colors_info=&#8220;{}&#8220;][et_pb_row custom_padding_last_edited=&#8220;on|phone&#8220; _builder_version=&#8220;4.27.4&#8243; _module_preset=&#8220;default&#8220; custom_padding=&#8220;50px||0px||false|false&#8220; custom_padding_tablet=&#8220;50px||0px||false|false&#8220; custom_padding_phone=&#8220;50px||0px||false|false&#8220; global_colors_info=&#8220;{}&#8220;][et_pb_column type=&#8220;4_4&#8243; _builder_version=&#8220;4.27.4&#8243; _module_preset=&#8220;default&#8220; global_colors_info=&#8220;{}&#8220;][et_pb_text _builder_version=&#8220;4.27.4&#8243; text_font=&#8220;Lato||||||||&#8220; text_font_size=&#8220;16px&#8220; text_line_height=&#8220;1.8em&#8220; header_font=&#8220;||||||||&#8220; header_2_font=&#8220;|700|||||||&#8220; header_2_font_size=&#8220;40px&#8220; header_2_line_height=&#8220;1.5em&#8220; header_6_font=&#8220;||||||||&#8220; max_width_last_edited=&#8220;off|desktop&#8220; custom_margin=&#8220;||-15px|||&#8220; custom_padding=&#8220;|||&#8220; header_2_font_size_tablet=&#8220;30px&#8220; header_2_font_size_phone=&#8220;24px&#8220; header_2_font_size_last_edited=&#8220;on|phone&#8220; locked=&#8220;off&#8220; global_colors_info=&#8220;{}&#8220;]<\/p>\n<h2 class=\"et_pb_module_header et-fb-editable-element et-fb-editable-element__editing\" data-shortcode-id=\"1.0.0.0-1532638965664\" data-quickaccess-id=\"header\" contenteditable=\"true\">Transforma\u010dn\u00ed p\u0159edn\u00e1\u0161ky<\/h2>\n<p>[\/et_pb_text][\/et_pb_column][\/et_pb_row][et_pb_row column_structure=&#8220;1_3,2_3&#8243; _builder_version=&#8220;4.27.4&#8243; custom_padding=&#8220;||||false|false&#8220; global_colors_info=&#8220;{}&#8220;][et_pb_column type=&#8220;1_3&#8243; _builder_version=&#8220;4.16&#8243; custom_padding=&#8220;|||&#8220; global_colors_info=&#8220;{}&#8220; custom_padding__hover=&#8220;|||&#8220;][et_pb_text _builder_version=&#8220;4.16&#8243; text_font=&#8220;||||||||&#8220; text_font_size=&#8220;16px&#8220; text_line_height=&#8220;1.9em&#8220; header_font=&#8220;||||||||&#8220; header_3_font=&#8220;Lato|700||on|||||&#8220; header_3_text_color=&#8220;#000c3d&#8220; header_3_font_size=&#8220;24px&#8220; header_3_line_height=&#8220;1.7em&#8220; header_6_font=&#8220;||||||||&#8220; max_width=&#8220;600px&#8220; max_width_last_edited=&#8220;off|desktop&#8220; custom_margin=&#8220;|||&#8220; custom_padding=&#8220;|||&#8220; header_3_font_size_tablet=&#8220;&#8220; header_3_font_size_phone=&#8220;20px&#8220; header_3_font_size_last_edited=&#8220;on|desktop&#8220; locked=&#8220;off&#8220; global_colors_info=&#8220;{}&#8220;]<\/p>\n<h3>Inspirov\u00e1n a vybaven<\/h3>\n<p class=\"p1\">Ned\u011bl\u00e1me teorii pro teorii. Na\u0161e lektorstv\u00ed je sestaveno tak, aby podn\u00edtilo skute\u010dnou zm\u011bnu &#8211; v my\u0161len\u00ed, komunikaci a ka\u017edodenn\u00edm leadershipu. <br \/>A\u0165 u\u017e se jedn\u00e1 o p\u016fldenn\u00ed workshop nebo dlouhodob\u00fd program, v\u0161e, co poskytujeme, je praktick\u00e9, interaktivn\u00ed a p\u0159izp\u016fsoben\u00e9 va\u0161emu t\u00fdmu.<br \/>Lid\u00e9 odch\u00e1zej\u00ed nejen inspirov\u00e1ni, ale i vybaveni &#8211; p\u0159ipraveni pou\u017e\u00edt to, co se nau\u010dili od prvn\u00edho dne.<\/p>\n<p>[\/et_pb_text][\/et_pb_column][et_pb_column type=&#8220;2_3&#8243; _builder_version=&#8220;4.16&#8243; custom_padding=&#8220;|||&#8220; global_colors_info=&#8220;{}&#8220; custom_padding__hover=&#8220;|||&#8220;][et_pb_text _builder_version=&#8220;4.16&#8243; text_font=&#8220;|700|||||||&#8220; text_font_size=&#8220;16px&#8220; text_line_height=&#8220;1.9em&#8220; header_font=&#8220;||||||||&#8220; header_3_font=&#8220;Lato|700||on|||||&#8220; header_3_text_color=&#8220;#000c3d&#8220; header_3_font_size=&#8220;24px&#8220; header_3_line_height=&#8220;1.7em&#8220; header_6_font=&#8220;||||||||&#8220; max_width=&#8220;600px&#8220; max_width_last_edited=&#8220;off|desktop&#8220; custom_margin=&#8220;|||&#8220; custom_padding=&#8220;|||&#8220; header_3_font_size_tablet=&#8220;&#8220; header_3_font_size_phone=&#8220;20px&#8220; header_3_font_size_last_edited=&#8220;on|desktop&#8220; locked=&#8220;off&#8220; global_colors_info=&#8220;{}&#8220;]<\/p>\n<h3>Pozn\u00e1v\u00e1te to?<\/h3>\n<p class=\"p1\"><span style=\"font-size: large;\">V\u00e1\u0161 t\u00fdm m\u00e1 potenci\u00e1l, ale n\u011bco nefunguje.<\/span><\/p>\n<p class=\"p1\"><span style=\"font-size: large;\">V\u00edte, \u017ee va\u0161i lid\u00e9 pot\u0159ebuj\u00ed v\u00edc ne\u017e jen motivaci &#8211; skute\u010dn\u00e9 n\u00e1stroje a spole\u010dn\u00fd jazyk.<\/span><\/p>\n<p class=\"p1\"><span style=\"font-size: large;\">Chcete lektorstv\u00ed, kter\u00e9 je praktick\u00e9, poutav\u00e9 a skute\u010dn\u011b se v\u00e1m vryje do pam\u011bti.<\/span><\/p>\n<p class=\"p1\"><span style=\"font-size: large;\">Hled\u00e1te sp\u00edkra, kter\u00fd je expert v t\u00e9matech osobn\u00edho rozvoje, leadershipu, rodinn\u00e9m podnik\u00e1n\u00ed, motivace lid\u00ed nebo mezin\u00e1rodn\u00edho obchodu a marketingu.<\/span><\/p>\n<p>[\/et_pb_text][et_pb_button button_url=&#8220;https:\/\/www.wingman.cz\/cs\/kontakty\/&#8220; button_text=&#8220;Spojte se s n\u00e1mi&#8220; button_alignment=&#8220;left&#8220; _builder_version=&#8220;4.27.4&#8243; _module_preset=&#8220;3d230b98-ab47-42f5-be7c-fa77daca924b&#8220; button_bg_color_hover=&#8220;#4159a0&#8243; locked=&#8220;off&#8220; global_colors_info=&#8220;{}&#8220; button_text_size__hover_enabled=&#8220;off&#8220; button_one_text_size__hover_enabled=&#8220;off&#8220; button_two_text_size__hover_enabled=&#8220;off&#8220; button_one_text_color__hover_enabled=&#8220;off&#8220; button_two_text_color__hover_enabled=&#8220;off&#8220; button_border_width__hover_enabled=&#8220;off&#8220; button_one_border_width__hover_enabled=&#8220;off&#8220; button_two_border_width__hover_enabled=&#8220;off&#8220; button_border_color__hover_enabled=&#8220;on|hover&#8220; button_one_border_color__hover_enabled=&#8220;off&#8220; button_two_border_color__hover_enabled=&#8220;off&#8220; button_border_radius__hover_enabled=&#8220;off|hover&#8220; button_one_border_radius__hover_enabled=&#8220;off&#8220; button_two_border_radius__hover_enabled=&#8220;off&#8220; button_letter_spacing__hover_enabled=&#8220;off&#8220; button_one_letter_spacing__hover_enabled=&#8220;off&#8220; button_two_letter_spacing__hover_enabled=&#8220;off&#8220; button_bg_color__hover_enabled=&#8220;on&#8220; button_one_bg_color__hover_enabled=&#8220;off&#8220; button_two_bg_color__hover_enabled=&#8220;off&#8220;]<\/p>\n<h1>O Anthonym<\/h1>\n<h3>Business CoacH<\/h3>\n<p>Lorem ipsum dolor sit amet, consectetur adipiscing elit, sed do eiusmod tempor incididunt ut labore et dolore magna aliqua. Ut enim ad minim veniam. Lorem ipsum dolor sit amet, cons<\/p>\n<p>[\/et_pb_button][\/et_pb_column][\/et_pb_row][\/et_pb_section][et_pb_section fb_built=&#8220;1&#8243; custom_padding_last_edited=&#8220;on|tablet&#8220; admin_label=&#8220;Testimonials&#8220; _builder_version=&#8220;4.27.4&#8243; custom_margin=&#8220;||||false|false&#8220; custom_padding=&#8220;0px||0px||false|false&#8220; custom_padding_tablet=&#8220;||5vh||false|false&#8220; custom_padding_phone=&#8220;||5vh||false|false&#8220; global_colors_info=&#8220;{}&#8220;][et_pb_row _builder_version=&#8220;4.16&#8243; custom_padding=&#8220;62px||60px|||&#8220; global_colors_info=&#8220;{}&#8220;][et_pb_column type=&#8220;4_4&#8243; _builder_version=&#8220;4.16&#8243; custom_padding=&#8220;|||&#8220; global_colors_info=&#8220;{}&#8220; custom_padding__hover=&#8220;|||&#8220;][et_pb_text _builder_version=&#8220;4.16&#8243; text_font=&#8220;||||||||&#8220; text_font_size=&#8220;16px&#8220; text_line_height=&#8220;1.9em&#8220; header_font=&#8220;||||||||&#8220; header_2_font=&#8220;|700|||||||&#8220; header_2_font_size=&#8220;40px&#8220; header_2_line_height=&#8220;1.5em&#8220; header_3_font=&#8220;Lato|700||on|||||&#8220; header_3_text_color=&#8220;#3550a0&#8243; header_3_font_size=&#8220;20px&#8220; header_3_line_height=&#8220;1.5em&#8220; header_6_font=&#8220;||||||||&#8220; text_orientation=&#8220;center&#8220; max_width=&#8220;600px&#8220; max_width_last_edited=&#8220;off|desktop&#8220; module_alignment=&#8220;center&#8220; custom_margin=&#8220;|||&#8220; custom_padding=&#8220;|||&#8220; header_2_font_size_tablet=&#8220;30px&#8220; header_2_font_size_phone=&#8220;24px&#8220; header_2_font_size_last_edited=&#8220;on|phone&#8220; header_3_font_size_tablet=&#8220;50px&#8220; header_3_font_size_phone=&#8220;32px&#8220; header_3_font_size_last_edited=&#8220;off|desktop&#8220; locked=&#8220;off&#8220; global_colors_info=&#8220;{}&#8220;]<\/p>\n<h2>Odezvy na\u0161ich klient\u016f<\/h2>\n<p>[\/et_pb_text][\/et_pb_column][\/et_pb_row][et_pb_row column_structure=&#8220;1_3,1_3,1_3&#8243; _builder_version=&#8220;4.16&#8243; custom_padding=&#8220;7px|||||&#8220; locked=&#8220;off&#8220; global_colors_info=&#8220;{}&#8220;][et_pb_column type=&#8220;1_3&#8243; _builder_version=&#8220;4.16&#8243; custom_padding=&#8220;|||&#8220; global_colors_info=&#8220;{}&#8220; custom_padding__hover=&#8220;|||&#8220;][et_pb_testimonial author=&#8220;Latha Sukumar&#8220; job_title=&#8220;V\u00fdkonn\u00e1 \u0159editelka a gener\u00e1ln\u00ed poradce&#8220; company_name=&#8220;MCIS, Kanada&#8220; portrait_url=&#8220;http:\/\/www.wingman.cz\/wp-content\/uploads\/2023\/08\/1516506264375.jpg&#8220; quote_icon=&#8220;off&#8220; quote_icon_color=&#8220;#000c3d&#8220; _builder_version=&#8220;4.17.4&#8243; body_font=&#8220;||||||||&#8220; body_font_size=&#8220;16px&#8220; body_line_height=&#8220;1.9em&#8220; use_background_color=&#8220;off&#8220; global_colors_info=&#8220;{}&#8220;]<\/p>\n<p>Va\u0161e inspirace m\u011b p\u0159im\u011bla k tomu, abych se postavila sv\u00fdm v\u00fdzv\u00e1m. V\u011b\u0159\u00edm, \u017ee na\u0161e setk\u00e1n\u00ed bylo p\u0159edur\u010deno, nikoliv n\u00e1hodn\u00e9.<\/p>\n<p>[\/et_pb_testimonial][\/et_pb_column][et_pb_column type=&#8220;1_3&#8243; _builder_version=&#8220;4.16&#8243; custom_padding=&#8220;|||&#8220; global_colors_info=&#8220;{}&#8220; custom_padding__hover=&#8220;|||&#8220;][et_pb_testimonial author=&#8220;Tsetska Karadjova&#8220; job_title=&#8220;Majitelka a gener\u00e1ln\u00ed \u0159editelka&#8220; company_name=&#8220;Interlang, Bulharsko&#8220; portrait_url=&#8220;http:\/\/www.wingman.cz\/wp-content\/uploads\/2025\/06\/Tsetska-Karadjova.webp&#8220; quote_icon=&#8220;off&#8220; quote_icon_color=&#8220;#000c3d&#8220; _builder_version=&#8220;4.27.4&#8243; body_font=&#8220;||||||||&#8220; body_font_size=&#8220;16px&#8220; body_line_height=&#8220;1.9em&#8220; use_background_color=&#8220;off&#8220; locked=&#8220;off&#8220; global_colors_info=&#8220;{}&#8220;]<\/p>\n<p><span>Roman je velmi dob\u0159e obezn\u00e1men s mezin\u00e1rodn\u00edm obchodn\u00edm prost\u0159ed\u00edm, je snadn\u00e9 se mu otev\u0159\u00edt a je radost s n\u00edm tr\u00e1vit \u010das. Velmi oce\u0148uji jeho up\u0159\u00edmn\u00fd a p\u0159\u00edm\u00fd p\u0159\u00edstup.<\/span><\/p>\n<p>[\/et_pb_testimonial][\/et_pb_column][et_pb_column type=&#8220;1_3&#8243; _builder_version=&#8220;4.17.4&#8243; _module_preset=&#8220;default&#8220; global_colors_info=&#8220;{}&#8220;][et_pb_testimonial author=&#8220;Peter Surovi\u010d&#8220; job_title=&#8220;CEO&#8220; company_name=&#8220;PSG Construction, CZ&#8220; portrait_url=&#8220;http:\/\/www.wingman.cz\/wp-content\/uploads\/2025\/09\/Peter-Surovic.webp&#8220; quote_icon=&#8220;off&#8220; quote_icon_color=&#8220;#000c3d&#8220; _builder_version=&#8220;4.27.4&#8243; body_font=&#8220;||||||||&#8220; body_font_size=&#8220;16px&#8220; body_line_height=&#8220;1.9em&#8220; use_background_color=&#8220;off&#8220; locked=&#8220;off&#8220; global_colors_info=&#8220;{}&#8220;]<\/p>\n<p><span>D\u00edky za skv\u011blou spolupr\u00e1ci! M\u00e1m pocit, \u017ee p\u0159\u00ed\u0161t\u00ed rok kone\u010dn\u011b za\u010dneme vid\u011bt v\u00fdsledky toho, co jsme letos zasadili &#8211; nejen j\u00e1, ale cel\u00e1 stavebn\u00ed skupina PSG.<\/span><\/p>\n<p>[\/et_pb_testimonial][\/et_pb_column][\/et_pb_row][\/et_pb_section]<\/p>\n","protected":false},"excerpt":{"rendered":"<p>Transforma\u010dn\u00ed p\u0159edn\u00e1\u0161kyInspirov\u00e1n a vybaven Ned\u011bl\u00e1me teorii pro teorii. Na\u0161e lektorstv\u00ed je sestaveno tak, aby podn\u00edtilo skute\u010dnou zm\u011bnu &#8211; v my\u0161len\u00ed, komunikaci a ka\u017edodenn\u00edm leadershipu. A\u0165 u\u017e se jedn\u00e1 o p\u016fldenn\u00ed workshop nebo dlouhodob\u00fd program, v\u0161e, co poskytujeme, je praktick\u00e9, interaktivn\u00ed a p\u0159izp\u016fsoben\u00e9 va\u0161emu t\u00fdmu.Lid\u00e9 odch\u00e1zej\u00ed nejen inspirov\u00e1ni, ale i vybaveni &#8211; p\u0159ipraveni pou\u017e\u00edt to, co [&hellip;]<\/p>\n","protected":false},"author":2,"featured_media":0,"parent":0,"menu_order":0,"comment_status":"closed","ping_status":"closed","template":"","meta":{"_et_pb_use_builder":"on","_et_pb_old_content":"","_et_gb_content_width":"","footnotes":""},"class_list":["post-1945","page","type-page","status-publish","hentry"],"_links":{"self":[{"href":"https:\/\/www.wingman.cz\/cs\/wp-json\/wp\/v2\/pages\/1945","targetHints":{"allow":["GET"]}}],"collection":[{"href":"https:\/\/www.wingman.cz\/cs\/wp-json\/wp\/v2\/pages"}],"about":[{"href":"https:\/\/www.wingman.cz\/cs\/wp-json\/wp\/v2\/types\/page"}],"author":[{"embeddable":true,"href":"https:\/\/www.wingman.cz\/cs\/wp-json\/wp\/v2\/users\/2"}],"replies":[{"embeddable":true,"href":"https:\/\/www.wingman.cz\/cs\/wp-json\/wp\/v2\/comments?post=1945"}],"version-history":[{"count":37,"href":"https:\/\/www.wingman.cz\/cs\/wp-json\/wp\/v2\/pages\/1945\/revisions"}],"predecessor-version":[{"id":2561,"href":"https:\/\/www.wingman.cz\/cs\/wp-json\/wp\/v2\/pages\/1945\/revisions\/2561"}],"wp:attachment":[{"href":"https:\/\/www.wingman.cz\/cs\/wp-json\/wp\/v2\/media?parent=1945"}],"curies":[{"name":"wp","href":"https:\/\/api.w.org\/{rel}","templated":true}]}}